{"id":1955,"date":"2026-04-26T08:25:26","date_gmt":"2026-04-26T06:25:26","guid":{"rendered":"https:\/\/closwahagnies-handball.fr\/?page_id=1955"},"modified":"2026-04-26T08:29:49","modified_gmt":"2026-04-26T06:29:49","slug":"le-fonds-citoyen-nous-soutient","status":"publish","type":"page","link":"https:\/\/closwahagnies-handball.fr\/?page_id=1955","title":{"rendered":"Le fonds citoyen nous soutient"},"content":{"rendered":"<div class=\"wp-block-image\">\n<figure class=\"aligncenter is-resized\"><img loading=\"lazy\" decoding=\"async\" width=\"888\" height=\"658\" src=\"https:\/\/closwahagnies-handball.fr\/wp-content\/uploads\/2026\/04\/logo_dfbfonds_rgb_transparent.png\" alt=\"\" class=\"wp-image-1946\" style=\"aspect-ratio:1.3495452834031247;width:256px;height:auto\" srcset=\"https:\/\/closwahagnies-handball.fr\/wp-content\/uploads\/2026\/04\/logo_dfbfonds_rgb_transparent.png 888w, https:\/\/closwahagnies-handball.fr\/wp-content\/uploads\/2026\/04\/logo_dfbfonds_rgb_transparent-300x222.png 300w, https:\/\/closwahagnies-handball.fr\/wp-content\/uploads\/2026\/04\/logo_dfbfonds_rgb_transparent-768x569.png 768w\" sizes=\"auto, (max-width: 888px) 100vw, 888px\" \/><\/figure>\n<\/div>\n\n\n<p class=\"has-text-align-center\"><a href=\"mailto:info@fondscitoyen.eu\">info@fondscitoyen.eu<\/a> \u2013 <a href=\"http:\/\/fondscitoyen.eu\" target=\"_blank\" rel=\"noreferrer noopener\">fondscitoyen.eu<\/a><\/p>\n\n\n\n<p>Dans le cadre des festivit\u00e9s des 60 ans du club et des relations d&rsquo;amiti\u00e9s entre les 2 clubs, le fonds citoyen nous soutient pour la r\u00e9ception de la d\u00e9l\u00e9gation du TSV Iggelheim. Il nous permet de recevoir une cinquantaine de nos amis Allemands dans les meilleures conditions durant le week-end anniversaire. Son soutien financier nous permet de r\u00e9aliser la plupart des objectifs fix\u00e9s.<\/p>\n\n\n\n<p><em>Le Fonds citoyen franco-allemand conseille, met en r\u00e9seau et finance les projets qui mettent en lumi\u00e8re l\u2019amiti\u00e9 franco-allemande et l\u2019Europe. Il soutient des projets de toutes tailles aux th\u00e8mes et formats vari\u00e9s et s\u2019adresse \u00e0 l\u2019ensemble des acteurs de la soci\u00e9t\u00e9 civile.<\/em><\/p>\n\n\n\n<p><em>Lanc\u00e9 en avril 2020, le Fonds citoyen est issu du trait\u00e9 d\u2019Aix-la-Chapelle sign\u00e9 en 2019. Sa mise en \u0153uvre est confi\u00e9e \u00e0 l\u2019Office franco-allemand pour la Jeunesse (OFAJ) et il est financ\u00e9 \u00e0 parts \u00e9gales par les gouvernements fran\u00e7ais et allemand.<\/em><\/p>\n\n\n\n<p class=\"has-text-align-center\"><a href=\"mailto:info@fondscitoyen.eu\">info@fondscitoyen.eu<\/a> \u2013 <a href=\"http:\/\/fondscitoyen.eu\" target=\"_blank\" rel=\"noreferrer noopener\">fondscitoyen.eu<\/a><\/p>\n","protected":false},"excerpt":{"rendered":"<p>info@fondscitoyen.eu \u2013 fondscitoyen.eu Dans le cadre des festivit\u00e9s des 60 ans du club et des relations d&rsquo;amiti\u00e9s entre les 2 clubs, le fonds citoyen nous soutient pour la r\u00e9ception de la d\u00e9l\u00e9gation du TSV Iggelheim. Il nous permet de recevoir une cinquantaine de nos amis Allemands dans les meilleures conditions durant le week-end anniversaire. Son &hellip; <a href=\"https:\/\/closwahagnies-handball.fr\/?page_id=1955\" class=\"more-link\">Continuer la lecture de <span class=\"screen-reader-text\">Le fonds citoyen nous soutient<\/span><\/a><\/p>\n","protected":false},"author":1,"featured_media":0,"parent":0,"menu_order":0,"comment_status":"closed","ping_status":"closed","template":"","meta":{"_lmt_disableupdate":"","_lmt_disable":"","footnotes":""},"class_list":["post-1955","page","type-page","status-publish","hentry"],"jetpack_sharing_enabled":true,"_links":{"self":[{"href":"https:\/\/closwahagnies-handball.fr\/index.php?rest_route=\/wp\/v2\/pages\/1955","targetHints":{"allow":["GET"]}}],"collection":[{"href":"https:\/\/closwahagnies-handball.fr\/index.php?rest_route=\/wp\/v2\/pages"}],"about":[{"href":"https:\/\/closwahagnies-handball.fr\/index.php?rest_route=\/wp\/v2\/types\/page"}],"author":[{"embeddable":true,"href":"https:\/\/closwahagnies-handball.fr\/index.php?rest_route=\/wp\/v2\/users\/1"}],"replies":[{"embeddable":true,"href":"https:\/\/closwahagnies-handball.fr\/index.php?rest_route=%2Fwp%2Fv2%2Fcomments&post=1955"}],"version-history":[{"count":5,"href":"https:\/\/closwahagnies-handball.fr\/index.php?rest_route=\/wp\/v2\/pages\/1955\/revisions"}],"predecessor-version":[{"id":1961,"href":"https:\/\/closwahagnies-handball.fr\/index.php?rest_route=\/wp\/v2\/pages\/1955\/revisions\/1961"}],"wp:attachment":[{"href":"https:\/\/closwahagnies-handball.fr\/index.php?rest_route=%2Fwp%2Fv2%2Fmedia&parent=1955"}],"curies":[{"name":"wp","href":"https:\/\/api.w.org\/{rel}","templated":true}]}}