{"id":61,"date":"2025-10-22T11:05:04","date_gmt":"2025-10-22T09:05:04","guid":{"rendered":"https:\/\/www.closwahagnies-handball.fr\/new\/?page_id=61"},"modified":"2025-10-22T13:19:23","modified_gmt":"2025-10-22T11:19:23","slug":"lhistoire-du-club","status":"publish","type":"page","link":"https:\/\/closwahagnies-handball.fr\/?page_id=61","title":{"rendered":"L&rsquo;histoire du Club"},"content":{"rendered":"\n<p class=\"has-text-align-left\">1966\u00a0: la naissance<br>R\u00e9unissant quelques jeunes adolescents d\u00e9sireux de pratiquer une activit\u00e9 sportive \u00e0 Wahagnies, Henri Salingue proposa la pratique d\u2019un sport encore tr\u00e8s confidentiel et peu connu\u00a0: le handball.<br>Pourquoi ce sport\u00a0? Il n\u2019y avait plus de terrain de foot dans la commune, le basket \u00e9tait domin\u00e9 par les clubs de Thumeries et Oignies \u00e0 cette \u00e9poque et le volley ball \u00a0trop technique. De plus, Henri l\u2019avait pratiqu\u00e9 \u00e0 l\u2019Ecole Normale d\u2019Arras. Ce fut donc le hand ball qui fut choisi\u00a0!<br>Mais o\u00f9 jouer\u00a0? Seule la cour de l\u2019\u00e9cole pouvait constituer un terrain acceptable.<br>Les premiers matchs amicaux y furent donc organis\u00e9s contre Painlev\u00e9 Lille, Haubourdin, Douai ou Seclin.<br>Henri Salingue et son comp\u00e8re Jules Martin d\u00e9cident alors de prendre contact avec une revue de hand en Allemagne\u00a0: qui veut jouer avec nous\u00a0? \u00a0Parmi toutes les r\u00e9ponses, le TSV Iggelheim est choisi au hasard et c\u2019est ainsi que le 15 Ao\u00fbt 1966 une dizaine de jeunes wahagnisiens effectuaient leurs premiers pas dans cette commune du Palatinat. Un accueil extraordinaire leur fut r\u00e9serv\u00e9 et ces seules quelques heures pass\u00e9es ont malgr\u00e9 tout donn\u00e9 envie de se revoir et surtout, l\u2019id\u00e9e \u00a0de cr\u00e9er un club de Hand ball \u00e0 Wahagnies devint pour tous une \u00e9vidence.<br>Le 21 Ao\u00fbt une r\u00e9union marquera l\u2019acte de naissance du Club Omni Sports de Wahagnies. Quelques jours plus tard, les statuts \u00e9taient d\u00e9pos\u00e9s en pr\u00e9fecture\u00a0: le CLOSW \u00e9tait n\u00e9\u00a0: la grande et belle histoire de notre club commen\u00e7ait\u00a0!<br>\u00a0<br>Le premier bureau\u00a0:<br>\u00a0<br>Mr Jean Parent : pr\u00e9sident<br>Mr Jules Martin : vice pr\u00e9sident<br>Mr Christian Vansimay : secr\u00e9taire<br>Mr Henri Salingue : tr\u00e9sorier<br>Mr Gilbert Laurent : secr\u00e9taire adjoint<br>Mr Alain Di\u00e9vart : tr\u00e9sorier adjoint<br>\u00a0<br>Des d\u00e9buts difficiles<br>Une \u00e9quipe s\u00e9niors un peu improvis\u00e9e est engag\u00e9e dans le championnat r\u00e9gional et, dur apprentissage, affrontera les grandes \u00e9quipes qui dominaient alors le hand dans la r\u00e9gion\u00a0: Billy Montigny,Douai, Seclin \u2026<br>En l\u2019absence d\u2019\u00e9quipements, les joueurs ne se voyaient que les jours de matchs\u00a0; en guise d\u2019entra\u00eenement quelques tirs sur un but improvis\u00e9 pos\u00e9 contre la sc\u00e8ne dans la salle des f\u00eates. Gare aux chutes sur le macadam et les rencontres duraient bien au-del\u00e0 du temps r\u00e9glementaire quand le ballon s\u2019\u00e9garait dans le champ voisin. Malgr\u00e9 tout, les s\u00e9niors qui se renfor\u00e7aient et un peu \u00e0 la fois commenc\u00e8rent \u00e0 glaner quelques victoires encourageantes. Une deuxi\u00e8me \u00e9quipe s\u00e9niors fut engag\u00e9e au terme de la deuxi\u00e8me ann\u00e9e. Une \u00a0\u00e9cole de hand fut cr\u00e9e<br>par Gilbert Laurent. La fin de saison 69\/70 voyait les deux \u00e9quipes r\u00e9compens\u00e9es par un titre de champion. Le train \u00e9tait lanc\u00e9\u00a0! Un nu\u00e9e de jeunes envahit la cour de l\u2019\u00e9cole, de cette p\u00e9pini\u00e8re naquit les premi\u00e8res \u00e9quipes jeunes qui allaient \u00a0glaner des titres de champions d\u00e9partementaux et r\u00e9gionaux \u00a0les saisons suivantes.<br>Malheureusement tous ces exploits se d\u00e9roulaient hors de Wahagnies. Par exemple les s\u00e9niors qui \u00e9voluaient en Excellence r\u00e9gionale durent s\u2019exiler \u00e0 Thumeries puis \u00e0 Ostricourt faute de salle.<br>La saison 73\/74 voyait la cr\u00e9ation d\u2019une section f\u00e9minine\u00a0: une \u00e9quipe de benjamines issue de l\u2019USEP vint s\u2019ajouter aux 7 \u00e9quipes d\u00e9j\u00e0 existantes. D\u00e9velopp\u00e9e au sein de l\u2019\u00e9cole, la passion du hand trouva son d\u00e9veloppement naturel au sein du club.<br>\u00a0<br>Le dixi\u00e8me anniversaire<br>Monsieur Parent avait, entre temps, pass\u00e9 le flambeau \u00e0 Gilbert Laurent.<br>Malgr\u00e9 les obstacles qui en auraient d\u00e9courag\u00e9 plus d\u2019un et malgr\u00e9 l\u2019absence d\u2019\u00e9quipements, le club se d\u00e9veloppait doucement et comptait plus de 100 licenci\u00e9s au moment de f\u00eater son dixi\u00e8me anniversaire. Pour cette occasion un terrain avait \u00e9t\u00e9 trac\u00e9 sur la place pour permettre l\u2019organisation du premier grand tournoi international du club avec des \u00e9quipes r\u00e9gionales, belges mais surtout allemandes car, d\u00e9j\u00e0, on n\u2019envisageait pas un anniversaire sans nos amis du TSV. Mons, Douai, Painlev\u00e9, Allennes les Marais, Bernissart (B), deux \u00e9quipes du TSV et deux du CLOSW anim\u00e8rent la commune et c\u00e9l\u00e9br\u00e8rent dignement cette importante \u00e9tape.<br>\u00a0<br>L\u2019espoir<br>Un projet de salle polyvalente \u00e9tait \u00e0 l\u2019\u00e9tude par la municipalit\u00e9 et un plateau sportif fut mis \u00e0 disposition. Le r\u00eave de jouer chez soi devenait r\u00e9alit\u00e9. Il y avait dor\u00e9navant une motivation suppl\u00e9mentaire et le club se devait d\u2019\u00eatre \u00e0 la hauteur.<br>\u00a0<br>Inauguration de la salle Marceau Laurent\u00a0:<br>La pose de la premi\u00e8re pierre avait \u00e9t\u00e9 un moment important quelques mois auparavant mais l\u2019\u00e9v\u00e8nement fut extraordinaire pour tous les dirigeants et les licenci\u00e9s en ce mois de Mai 1979.<br>Pr\u00e9s de 160 joueurs locaux en compagnie des joueurs du TSV ( Allemagne), du SK Lambach (Autriche), de Horesca Internos ( Pays Bas), de Kapek (Belgique) avec la pr\u00e9sence du conseil municipal de B\u00f6hl Iggelheim \u00a0tous align\u00e9s dans cette nouvelle salle ont marqu\u00e9 \u00e0 jamais tous ceux qui \u00a0ont eu la chance d\u2019y assister.<br>Un grand tournoi suivi la c\u00e9r\u00e9monie, pour la premi\u00e8re fois les wahagnisiens pouvaient assister \u00e0 des rencontres de haut niveau, la plupart \u00a0des spectateurs d\u00e9couvraient le hand ball. La finale entre les Autrichiens et le Hollandais fut suivi par un public enthousiaste.<br>\u00a0<br>La maturit\u00e9\u00a0<br>Mais le CLOSW devenait pour la premi\u00e8re fois un club comme un autre. On pouvait \u00a0dor\u00e9navant programmer des entra\u00eenements, jouer \u00e0 domicile devant un public de supporters et c\u2019est ainsi que les dirigeants furent confront\u00e9s \u00e0 un afflux d\u2019inscriptions au d\u00e9but des ann\u00e9es 80. Pass\u00e9 le moment de satisfaction, un gros probl\u00e8me se posa rapidement\u00a0: l\u2019encadrement de tous ces jeunes joueurs. La m\u00eame ann\u00e9e les s\u00e9niors 1 r\u00e9alisait un v\u00e9ritable exploit en restant invaincus et en acc\u00e9dant au plus haut niveau r\u00e9gional.<br>Apr\u00e8s quelques difficult\u00e9s \u00e0 assumer cette brutale croissance, le CLOSW entama une nouvelle \u00e9tape de son histoire avec un l\u00e9gitime et raisonnable optimisme. Les conditions avaient chang\u00e9, la construction de la salle avait suscit\u00e9 d\u2019autres vocations au sein de la commune, le niveau s\u2019\u00e9tait consid\u00e9rablement \u00e9lev\u00e9 et la concurrence \u00e9tait plus acharn\u00e9e. Les succ\u00e9s plus difficiles \u00e0 obtenir, n\u2019en \u00e9taient que plus satisfaisants. L\u2019\u00e9quipe premi\u00e8re entra\u00een\u00e9e par Fran\u00e7ois Lespagnol se comportait plus qu\u2019honorablement, les s\u00e9niors 2 jouaient leur r\u00f4le de formateurs, et les \u00e9quipes jeunes se hissaient \u00a0au niveau des meilleurs clubs r\u00e9gionaux .<br>C\u2019est donc avec beaucoup \u00a0de s\u00e9r\u00e9nit\u00e9 que le CLOSW atteignit son vingti\u00e8me anniversaire caract\u00e9ris\u00e9 par une gestion rigoureuse malgr\u00e9 des modestes moyens financiers et une solide organisation des anciens joueurs.<br>\u00a0<br>Le vingt cinqui\u00e8me anniversaire<br>Le CLOSW est devenu ce qu\u2019il avait voulu \u00eatre\u00a0: un grand club. Un club \u00a0pas tout \u00e0 fait comme les autres car issu d\u2019une modeste commune mais aussi parce que ses relations avec le TSV se d\u00e9veloppaient et commen\u00e7aient \u00e0 d\u00e9passer le simple \u00a0domaine sportif. Des \u00e9changes r\u00e9guliers entre les jeunes, des amiti\u00e9s sinc\u00e8res ont renforc\u00e9 les relations. Les manifestations organis\u00e9es de chaque c\u00f4t\u00e9 du Rhin \u00a0furent chaleureuses. En prenant exemple sur ses amis, on avait mis le club sur des bases solides.<br>C\u2019est \u00e9galement pendant cette p\u00e9riode que le CLOSW entretient des relations suivies avec le SK Lambach en Autriche. Plusieurs \u00e9changes furent organis\u00e9s qui permirent aux s\u00e9niors et aux f\u00e9minines de d\u00e9couvrir la r\u00e9gion de Salzbourg, ses lacs et ses montagnes. Malheureusement, un changement de pr\u00e9sident, des divergences avec les voisins allemands et les kilom\u00e8tres entre les deux clubs allaient mettre un terme \u00e0 cette relation. Trois ans plus tard le club \u00e9tait d\u2019ailleurs dissous. Cela restera malgr\u00e9 tout un bon souvenir et de belles heures pass\u00e9es dans cette magnifique r\u00e9gion.<br>Pendant ce temps, les s\u00e9niors 1 progressaient lentement mais surement\u00a0: trois mont\u00e9es cons\u00e9cutives de honneur r\u00e9gional \u00e0 pr\u00e9f\u00e9d\u00e9ral en trois ans\u00a0! Des poussins \u00a0et surtout des poussines sont venus grossir les effectifs. Les benjamins se r\u00e9v\u00e8lent \u00eatre une des valeurs sures du club et jouent les premiers r\u00f4les dans leur championnat. Une participation aux finales r\u00e9gionales devait couronner ces ann\u00e9es prometteuses. Le CLOSW appara\u00eet dor\u00e9navant comme un club solide tourn\u00e9 vers l\u2019avenir avec optimisme.<br>\u00a0<br>Le trenti\u00e8me anniversaire<br>Pour se concentrer sur la formation des jeunes, Gilbert Laurent avait laiss\u00e9 la place \u00a0\u00e0 Jean Marc Bourgeois mais c\u2019est \u00e0 Daniel Di\u00e9vart qui lui succ\u00e8da que revint l\u2019honneur d\u2019organiser le 30 \u00e8me anniversaire. Pour cet \u00e9v\u00e8nement et gr\u00e2ce \u00e0 l\u2019aide de Pascal Broy, nous avons accueilli l\u2019\u00e9quipe de France Police dans laquelle \u00e9voluait notre ami Fabrice Lalaut et l\u2019\u00e9quipe premi\u00e8re de Dunkerque. Le 22 F\u00e9vrier 1996 se d\u00e9roul\u00e8rent deux matchs dirig\u00e9s par des arbitres internationaux dans une salle pleine \u00e0 craquer. La premi\u00e8re rencontre opposa l\u2019\u00e9quipe B de France Police et les s\u00e9niors 1 du CLOSW. Dans une ambiance de folie, nos joueurs firent jeu \u00e9gal face \u00e0 des adversaires \u00e9voluant tous dans des \u00e9quipes de haut niveau, ils ne s\u2019inclin\u00e8rent que d\u2019un petit but (26 -27) sur un penalty encaiss\u00e9 dans la derni\u00e8re minute. Apr\u00e8s ce magnifique lever de rideau, le second match opposait l\u2019\u00e9quipe \u00a0A de France Police et l\u2019\u00e9quipe premi\u00e8re de Dunkerque. On pu assister \u00e0 une rencontre spectaculaire qui se termina par la victoire de Dunkerque sur le score de 30 \u00e0 20. Jamais la salle Marceau Laurent n\u2019avait connu un match de cette qualit\u00e9. Les nombreux spectateurs s\u2019en souviendront longtemps.<br>\u00a0<br>Le quaranti\u00e8me anniversaire<br>Quelques ann\u00e9es un peu plus difficiles devaient se succ\u00e9der ayant comme cons\u00e9quences la baisse des effectifs et des r\u00e9sultats un peu d\u00e9cevants des \u00e9quipes s\u00e9niors\u00a0: qui ne progresse pas r\u00e9gresse dit le dicton. Pourtant une g\u00e9n\u00e9ration de jeunes joueurs commen\u00e7aient \u00e0 pointer le bout du nez et franchissaient les \u00e9chelons avec s\u00e9rieux et d\u00e9termination\u00a0: une grande et belle \u00e9quipe commen\u00e7ait \u00e0 na\u00eetre.<br>C\u2019est sous l\u2019impulsion de Pascal Bray entour\u00e9 d\u2019anciens joueurs amis que le CLOSW prit une nouvelle dimension au d\u00e9but des ann\u00e9es 2000. Mieux structur\u00e9, misant sur la formation des jeunes et s\u2019appuyant sur l\u2019exp\u00e9rience des anciens, le club r\u00e9colta rapidement les fruits de son travail. Gr\u00e9gory Di\u00e9vart amena ses filles au plus haut niveau d\u00e8s la premi\u00e8re ann\u00e9e en d\u00e9crochant un titre de championnes. Pascal Broy \u00e0 la t\u00eate des s\u00e9niors 1 d\u00e9butait un parcours tr\u00e8s encourageant avec des joueurs tous form\u00e9s au sein du club. Fabrice Lalaut et Ludovic Konczak \u00e9paulaient avec efficacit\u00e9 leur pr\u00e9sident et de nombreux b\u00e9n\u00e9voles s\u2019investirent pour donner une nouvelle impulsion \u00e0 un club qui pouvait de nouveau nourrir de l\u00e9gitimes ambitions.<br>Pascal pouvait ainsi organiser le quaranti\u00e8me anniversaire avec optimisme. Une exposition et un diaporama retra\u00e7ant la riche histoire du club furent pr\u00e9sent\u00e9s \u00e0 un nombreux public \u00e9mu mais fier du parcours accompli. Ce fut l\u2019occasion de remercier celles et ceux encore pr\u00e9sents qui \u00e9taient \u00e0 \u00a0l\u2019origine de cette magnifique aventure\u00a0: Edmond Wadin, Arthur Kretner, Franz et Ruth D\u00e9obald, Marceline \u00a0Flament , Emilienne Laurent\u2026. La soir\u00e9e qui conclua cette manifestation fut riche en \u00e9motions et l\u2019occasion d\u2019\u00e9voquer les souvenirs communs. Une promesse\u00a0: tous se retrouver pour les 50 ans\u00a0!<br>\u00a0<br>L\u2019apog\u00e9e<br>Dans se r\u00eaves \u00a0les plus fous, Pascal ne pouvait certainement pas imaginer ce qu\u2019il allait vivre quelques ann\u00e9es plus tard en tant que pr\u00e9sident.<br>Les s\u00e9niors 1 entam\u00e8rent d\u00e8s la saison 2006- 2007 une progression fondamentale en acc\u00e8dant en Pr\u00e9nationale \u00a0apr\u00e8s plusieurs tentatives infructueuses. Un premier \u00e9chec de justesse face \u00e0 Calais pour l\u2019accession en Nationale 3 fut suivi d\u2019une saison exceptionnelle. En effet, invaincus tout au long du championnat (un match nul), les jeunes du club acc\u00e9daient la saison suivante au championnat de National 3. La cons\u00e9cration pour un club d\u2019un petit village de 2600 habitants. La juste r\u00e9compense du travail accompli par des b\u00e9n\u00e9voles enthousiastes et d\u00e9vou\u00e9s. La f\u00eate fut \u00e0 la hauteur de l\u2019\u00e9v\u00e8nement en compagnie des nombreux supporters bien r\u00e9compens\u00e9s de leurs chaleureux encouragements pour soutenir leurs prot\u00e9g\u00e9s.<br>Comme on \u00e9tait loin de la cour de l\u2019\u00e9cole\u00a0! Mais l\u2019esprit et la mentalit\u00e9 restaient les m\u00eames. Solidarit\u00e9 et camaraderie caract\u00e9risaient toujours ce club attachant.<br>\u00a0<br>La mont\u00e9e en Nationale, fut v\u00e9cue avec une certaine s\u00e9r\u00e9nit\u00e9 malgr\u00e9 le manque d\u2019exp\u00e9rience et des contraintes financi\u00e8res qui auraient \u00e9t\u00e9 insurmontables \u00a0quelques ann\u00e9es auparavant. Le club s\u2019\u00e9tait structur\u00e9, le pr\u00e9sident d\u00e9bordait d\u2019\u00e9nergie et ne m\u00e9nageait pas ses efforts pour se montrer digne de cette situation in\u00e9dite. Sportivement les joueurs se sentaient pr\u00eats \u00e0 affronter le haut niveau. Pratiquement tous form\u00e9s au club, ils formaient un groupe \u00a0talentueux, soud\u00e9 et solidaire qui voulait prouver que leur accession n\u2019\u00e9tait pas usurp\u00e9e et tout \u00e0 fait l\u00e9gitime. Les premi\u00e8res rencontres confirm\u00e8rent cet optimisme. A la surprise de certains sceptiques, les clossistes s\u2019install\u00e8rent en t\u00eate de leur championnat d\u00e8s le d\u00e9but de saison et ne conc\u00e9d\u00e8rent que trois d\u00e9faites face \u00e0 des clubs renomm\u00e9s pour terminer \u00e0 la deuxi\u00e8me place derri\u00e8re Gravelines.<br>Quelle progression spectaculaire\u00a0: une mont\u00e9e en National 2 au bout d\u2019une seule saison\u00a0: c\u2019\u00e9tait in\u00e9dit\u00a0! La suite devait h\u00e9las d\u00e9montrer les limites d\u2019une petite \u00e9quipe de village face \u00e0 des structures disposant de moyens financiers beaucoup plus importants. Face \u00e0 ces succ\u00e8s impr\u00e9visibles, des clubs peu scrupuleux et certainement jaloux de notre r\u00e9ussite, commenc\u00e8rent \u00e0 s\u2019int\u00e9resser \u00e0 nos meilleurs joueurs en leur faisant miroiter des avantages financiers qui n\u2019avaient pas cours au CLOSW. La lutte \u00e9tait in\u00e9gale et l\u2019\u00e9quipe se trouva rapidement diminu\u00e9e par ces d\u00e9parts. Courageuse, elle lutta jusqu\u2019 \u00e0 la fin de la saison pour se maintenir et fut \u00e0 quelques points de r\u00e9ussir ce pari. La descente en National 3 eut pour cons\u00e9quence le d\u00e9part d\u2019autres joueurs et un certain d\u00e9couragement s\u2019installa, l\u2019\u00e9puisement des cadres dans des confrontations perdues \u00e0 1 ou 2 buts seulement, finit par avoir raison \u00a0du courage des joueurs.<br>\u00a0<br>Le retour en Pr\u00e9national fut v\u00e9cu comme un \u00e9chec mais permit toutefois \u00a0de tirer des cons\u00e9quences positives sur cette exp\u00e9rience. Dor\u00e9navant, il ne faudra compter que sur les jeunes du club et leur assurer une solide formation. Ce fut parfaitement fait et l\u2019\u00e9cole de hand fut rapidement honor\u00e9e de plusieurs labels de bronze et d\u2019un label d\u2019argent pour la qualit\u00e9 de la formation. Les moins de 11 furent couronn\u00e9s champions plusieurs ann\u00e9es cons\u00e9cutives.<br>Epuis\u00e9s par cette aventure, les deux Pascal prirent du recul tout en restant solidaires de la nouvelle organisation qui prenait le relais. Daniel Taillez puis Guillaume Laurent ont pris leurs responsabilit\u00e9s en assurant la succession, Bruno Wiart allait essayer de stopper l\u2019h\u00e9morragie avec des jeunes joueurs plein de bonne volont\u00e9. Malgr\u00e9 les difficult\u00e9s les s\u00e9niors 1 ont r\u00e9ussi \u00e0 se maintenir au plus haut niveau r\u00e9gional, les s\u00e9niors 2 se sont hiss\u00e9s en r\u00e9gional \u00e9galement et les \u00e9quipes jeunes jouent les premiers r\u00f4les dans leur championnat. \u00a0On peut donc souffler les bougies du Cinquantenaire avec optimisme\u00a0: l\u2019avenir du CLOSW est assur\u00e9.<br>\u00a0<br>Un seul grand regret c\u2019est que Pascal ne soit pas l\u00e0 pour le faire avec nous alors qu\u2019il a particip\u00e9 \u00a0\u00e0 l\u2019\u00e9criture de toute cette aventure depuis le d\u00e9but.<\/p>\n","protected":false},"excerpt":{"rendered":"<p>1966\u00a0: la naissanceR\u00e9unissant quelques jeunes adolescents d\u00e9sireux de pratiquer une activit\u00e9 sportive \u00e0 Wahagnies, Henri Salingue proposa la pratique d\u2019un sport encore tr\u00e8s confidentiel et peu connu\u00a0: le handball.Pourquoi ce sport\u00a0? Il n\u2019y avait plus de terrain de foot dans la commune, le basket \u00e9tait domin\u00e9 par les clubs de Thumeries et Oignies \u00e0 cette &hellip; <a href=\"https:\/\/closwahagnies-handball.fr\/?page_id=61\" class=\"more-link\">Continuer la lecture de <span class=\"screen-reader-text\">L&rsquo;histoire du Club<\/span><\/a><\/p>\n","protected":false},"author":1,"featured_media":0,"parent":0,"menu_order":0,"comment_status":"closed","ping_status":"closed","template":"","meta":{"_lmt_disableupdate":"","_lmt_disable":"","footnotes":""},"class_list":["post-61","page","type-page","status-publish","hentry"],"jetpack_sharing_enabled":true,"_links":{"self":[{"href":"https:\/\/closwahagnies-handball.fr\/index.php?rest_route=\/wp\/v2\/pages\/61","targetHints":{"allow":["GET"]}}],"collection":[{"href":"https:\/\/closwahagnies-handball.fr\/index.php?rest_route=\/wp\/v2\/pages"}],"about":[{"href":"https:\/\/closwahagnies-handball.fr\/index.php?rest_route=\/wp\/v2\/types\/page"}],"author":[{"embeddable":true,"href":"https:\/\/closwahagnies-handball.fr\/index.php?rest_route=\/wp\/v2\/users\/1"}],"replies":[{"embeddable":true,"href":"https:\/\/closwahagnies-handball.fr\/index.php?rest_route=%2Fwp%2Fv2%2Fcomments&post=61"}],"version-history":[{"count":3,"href":"https:\/\/closwahagnies-handball.fr\/index.php?rest_route=\/wp\/v2\/pages\/61\/revisions"}],"predecessor-version":[{"id":117,"href":"https:\/\/closwahagnies-handball.fr\/index.php?rest_route=\/wp\/v2\/pages\/61\/revisions\/117"}],"wp:attachment":[{"href":"https:\/\/closwahagnies-handball.fr\/index.php?rest_route=%2Fwp%2Fv2%2Fmedia&parent=61"}],"curies":[{"name":"wp","href":"https:\/\/api.w.org\/{rel}","templated":true}]}}