{"id":67,"date":"2025-10-22T11:06:35","date_gmt":"2025-10-22T09:06:35","guid":{"rendered":"https:\/\/www.closwahagnies-handball.fr\/new\/?page_id=67"},"modified":"2026-01-11T14:08:31","modified_gmt":"2026-01-11T13:08:31","slug":"nos-equipes","status":"publish","type":"page","link":"https:\/\/closwahagnies-handball.fr\/?page_id=67","title":{"rendered":"Nos Equipes"},"content":{"rendered":"\n<p>Les photos arrivent !<\/p>\n\n\n\n<p>Moins de 11 ans<\/p>\n\n\n<div class=\"wp-block-image\">\n<figure class=\"aligncenter size-large\"><a href=\"https:\/\/closwahagnies-handball.fr\/wp-content\/uploads\/2026\/01\/2025_2026_11-1.jpeg\"><img loading=\"lazy\" decoding=\"async\" width=\"1024\" height=\"621\" src=\"https:\/\/closwahagnies-handball.fr\/wp-content\/uploads\/2026\/01\/2025_2026_11-1-1024x621.jpeg\" alt=\"\" class=\"wp-image-448\" srcset=\"https:\/\/closwahagnies-handball.fr\/wp-content\/uploads\/2026\/01\/2025_2026_11-1-1024x621.jpeg 1024w, https:\/\/closwahagnies-handball.fr\/wp-content\/uploads\/2026\/01\/2025_2026_11-1-300x182.jpeg 300w, https:\/\/closwahagnies-handball.fr\/wp-content\/uploads\/2026\/01\/2025_2026_11-1-768x466.jpeg 768w, https:\/\/closwahagnies-handball.fr\/wp-content\/uploads\/2026\/01\/2025_2026_11-1.jpeg 1407w\" sizes=\"auto, (max-width: 1024px) 100vw, 1024px\" \/><\/a><\/figure>\n<\/div>\n\n\n<p>Moins de 13 ans<\/p>\n\n\n\n<figure class=\"wp-block-image size-large\"><img loading=\"lazy\" decoding=\"async\" width=\"1024\" height=\"768\" src=\"https:\/\/closwahagnies-handball.fr\/wp-content\/uploads\/2026\/01\/2025_2026_13-1024x768.jpeg\" alt=\"\" class=\"wp-image-451\" srcset=\"https:\/\/closwahagnies-handball.fr\/wp-content\/uploads\/2026\/01\/2025_2026_13-1024x768.jpeg 1024w, https:\/\/closwahagnies-handball.fr\/wp-content\/uploads\/2026\/01\/2025_2026_13-300x225.jpeg 300w, https:\/\/closwahagnies-handball.fr\/wp-content\/uploads\/2026\/01\/2025_2026_13-768x576.jpeg 768w, https:\/\/closwahagnies-handball.fr\/wp-content\/uploads\/2026\/01\/2025_2026_13-1536x1152.jpeg 1536w, https:\/\/closwahagnies-handball.fr\/wp-content\/uploads\/2026\/01\/2025_2026_13.jpeg 2000w\" sizes=\"auto, (max-width: 1024px) 100vw, 1024px\" \/><\/figure>\n\n\n\n<p>Moins de 15 ans<\/p>\n\n\n<div class=\"wp-block-image\">\n<figure class=\"aligncenter size-large\"><a href=\"https:\/\/closwahagnies-handball.fr\/wp-content\/uploads\/2025\/11\/U15M.jpg\"><img loading=\"lazy\" decoding=\"async\" width=\"1024\" height=\"768\" src=\"https:\/\/closwahagnies-handball.fr\/wp-content\/uploads\/2025\/11\/U15M-1024x768.jpg\" alt=\"\" class=\"wp-image-337\" srcset=\"https:\/\/closwahagnies-handball.fr\/wp-content\/uploads\/2025\/11\/U15M-1024x768.jpg 1024w, https:\/\/closwahagnies-handball.fr\/wp-content\/uploads\/2025\/11\/U15M-300x225.jpg 300w, https:\/\/closwahagnies-handball.fr\/wp-content\/uploads\/2025\/11\/U15M-768x576.jpg 768w, https:\/\/closwahagnies-handball.fr\/wp-content\/uploads\/2025\/11\/U15M-1536x1152.jpg 1536w, https:\/\/closwahagnies-handball.fr\/wp-content\/uploads\/2025\/11\/U15M-2048x1536.jpg 2048w\" sizes=\"auto, (max-width: 1024px) 100vw, 1024px\" \/><\/a><\/figure>\n<\/div>\n\n\n<p>Moins de 18 ans<\/p>\n\n\n<div class=\"wp-block-image\">\n<figure class=\"aligncenter size-large\"><a href=\"https:\/\/closwahagnies-handball.fr\/wp-content\/uploads\/2025\/11\/U18.jpg\"><img loading=\"lazy\" decoding=\"async\" width=\"1024\" height=\"768\" src=\"https:\/\/closwahagnies-handball.fr\/wp-content\/uploads\/2025\/11\/U18-1024x768.jpg\" alt=\"\" class=\"wp-image-338\" srcset=\"https:\/\/closwahagnies-handball.fr\/wp-content\/uploads\/2025\/11\/U18-1024x768.jpg 1024w, https:\/\/closwahagnies-handball.fr\/wp-content\/uploads\/2025\/11\/U18-300x225.jpg 300w, https:\/\/closwahagnies-handball.fr\/wp-content\/uploads\/2025\/11\/U18-768x576.jpg 768w, https:\/\/closwahagnies-handball.fr\/wp-content\/uploads\/2025\/11\/U18-1536x1152.jpg 1536w, https:\/\/closwahagnies-handball.fr\/wp-content\/uploads\/2025\/11\/U18.jpg 2040w\" sizes=\"auto, (max-width: 1024px) 100vw, 1024px\" \/><\/a><\/figure>\n<\/div>\n\n\n<p>S\u00e9niors Filles<\/p>\n\n\n\n<figure class=\"wp-block-image size-large\"><a href=\"https:\/\/closwahagnies-handball.fr\/wp-content\/uploads\/2025\/12\/2025_2026_SF.jpg\"><img loading=\"lazy\" decoding=\"async\" width=\"1024\" height=\"718\" src=\"https:\/\/closwahagnies-handball.fr\/wp-content\/uploads\/2025\/12\/2025_2026_SF-1024x718.jpg\" alt=\"\" class=\"wp-image-405\" srcset=\"https:\/\/closwahagnies-handball.fr\/wp-content\/uploads\/2025\/12\/2025_2026_SF-1024x718.jpg 1024w, https:\/\/closwahagnies-handball.fr\/wp-content\/uploads\/2025\/12\/2025_2026_SF-300x210.jpg 300w, https:\/\/closwahagnies-handball.fr\/wp-content\/uploads\/2025\/12\/2025_2026_SF-768x538.jpg 768w, https:\/\/closwahagnies-handball.fr\/wp-content\/uploads\/2025\/12\/2025_2026_SF.jpg 1193w\" sizes=\"auto, (max-width: 1024px) 100vw, 1024px\" \/><\/a><\/figure>\n\n\n\n<p>S\u00e9niors Gar\u00e7ons 2<\/p>\n\n\n<div class=\"wp-block-image\">\n<figure class=\"aligncenter size-large\"><a href=\"https:\/\/closwahagnies-handball.fr\/wp-content\/uploads\/2025\/12\/2025_2026_S2.jpg\"><img loading=\"lazy\" decoding=\"async\" width=\"1024\" height=\"768\" src=\"https:\/\/closwahagnies-handball.fr\/wp-content\/uploads\/2025\/12\/2025_2026_S2-1024x768.jpg\" alt=\"\" class=\"wp-image-399\" srcset=\"https:\/\/closwahagnies-handball.fr\/wp-content\/uploads\/2025\/12\/2025_2026_S2-1024x768.jpg 1024w, https:\/\/closwahagnies-handball.fr\/wp-content\/uploads\/2025\/12\/2025_2026_S2-300x225.jpg 300w, https:\/\/closwahagnies-handball.fr\/wp-content\/uploads\/2025\/12\/2025_2026_S2-768x576.jpg 768w, https:\/\/closwahagnies-handball.fr\/wp-content\/uploads\/2025\/12\/2025_2026_S2-1536x1152.jpg 1536w, https:\/\/closwahagnies-handball.fr\/wp-content\/uploads\/2025\/12\/2025_2026_S2.jpg 2048w\" sizes=\"auto, (max-width: 1024px) 100vw, 1024px\" \/><\/a><\/figure>\n<\/div>\n\n\n<p>S\u00e9niors Gar\u00e7ons 1<\/p>\n\n\n\n<figure class=\"wp-block-image size-large\"><a href=\"https:\/\/closwahagnies-handball.fr\/wp-content\/uploads\/2025\/12\/2025_2026_S1-1.jpg\"><img loading=\"lazy\" decoding=\"async\" width=\"1024\" height=\"867\" src=\"https:\/\/closwahagnies-handball.fr\/wp-content\/uploads\/2025\/12\/2025_2026_S1-1-1024x867.jpg\" alt=\"\" class=\"wp-image-391\" srcset=\"https:\/\/closwahagnies-handball.fr\/wp-content\/uploads\/2025\/12\/2025_2026_S1-1-1024x867.jpg 1024w, https:\/\/closwahagnies-handball.fr\/wp-content\/uploads\/2025\/12\/2025_2026_S1-1-300x254.jpg 300w, https:\/\/closwahagnies-handball.fr\/wp-content\/uploads\/2025\/12\/2025_2026_S1-1-768x651.jpg 768w, https:\/\/closwahagnies-handball.fr\/wp-content\/uploads\/2025\/12\/2025_2026_S1-1.jpg 1145w\" sizes=\"auto, (max-width: 1024px) 100vw, 1024px\" \/><\/a><\/figure>\n\n\n\n<p>Loisirs<\/p>\n\n\n\n<figure class=\"wp-block-image size-large\"><img loading=\"lazy\" decoding=\"async\" width=\"1024\" height=\"768\" src=\"https:\/\/closwahagnies-handball.fr\/wp-content\/uploads\/2026\/01\/2025_2026_LOISIRS-1024x768.jpeg\" alt=\"\" class=\"wp-image-453\" srcset=\"https:\/\/closwahagnies-handball.fr\/wp-content\/uploads\/2026\/01\/2025_2026_LOISIRS-1024x768.jpeg 1024w, https:\/\/closwahagnies-handball.fr\/wp-content\/uploads\/2026\/01\/2025_2026_LOISIRS-300x225.jpeg 300w, https:\/\/closwahagnies-handball.fr\/wp-content\/uploads\/2026\/01\/2025_2026_LOISIRS-768x576.jpeg 768w, https:\/\/closwahagnies-handball.fr\/wp-content\/uploads\/2026\/01\/2025_2026_LOISIRS-1536x1152.jpeg 1536w, https:\/\/closwahagnies-handball.fr\/wp-content\/uploads\/2026\/01\/2025_2026_LOISIRS.jpeg 1600w\" sizes=\"auto, (max-width: 1024px) 100vw, 1024px\" \/><\/figure>\n","protected":false},"excerpt":{"rendered":"<p>Les photos arrivent ! Moins de 11 ans Moins de 13 ans Moins de 15 ans Moins de 18 ans S\u00e9niors Filles S\u00e9niors Gar\u00e7ons 2 S\u00e9niors Gar\u00e7ons 1 Loisirs<\/p>\n","protected":false},"author":1,"featured_media":0,"parent":0,"menu_order":0,"comment_status":"closed","ping_status":"closed","template":"","meta":{"_lmt_disableupdate":"","_lmt_disable":"","footnotes":""},"class_list":["post-67","page","type-page","status-publish","hentry"],"jetpack_sharing_enabled":true,"_links":{"self":[{"href":"https:\/\/closwahagnies-handball.fr\/index.php?rest_route=\/wp\/v2\/pages\/67","targetHints":{"allow":["GET"]}}],"collection":[{"href":"https:\/\/closwahagnies-handball.fr\/index.php?rest_route=\/wp\/v2\/pages"}],"about":[{"href":"https:\/\/closwahagnies-handball.fr\/index.php?rest_route=\/wp\/v2\/types\/page"}],"author":[{"embeddable":true,"href":"https:\/\/closwahagnies-handball.fr\/index.php?rest_route=\/wp\/v2\/users\/1"}],"replies":[{"embeddable":true,"href":"https:\/\/closwahagnies-handball.fr\/index.php?rest_route=%2Fwp%2Fv2%2Fcomments&post=67"}],"version-history":[{"count":11,"href":"https:\/\/closwahagnies-handball.fr\/index.php?rest_route=\/wp\/v2\/pages\/67\/revisions"}],"predecessor-version":[{"id":454,"href":"https:\/\/closwahagnies-handball.fr\/index.php?rest_route=\/wp\/v2\/pages\/67\/revisions\/454"}],"wp:attachment":[{"href":"https:\/\/closwahagnies-handball.fr\/index.php?rest_route=%2Fwp%2Fv2%2Fmedia&parent=67"}],"curies":[{"name":"wp","href":"https:\/\/api.w.org\/{rel}","templated":true}]}}