{"id":69,"date":"2025-10-20T11:06:48","date_gmt":"2025-10-20T09:06:48","guid":{"rendered":"https:\/\/www.closwahagnies-handball.fr\/new\/?page_id=69"},"modified":"2026-02-17T10:35:04","modified_gmt":"2026-02-17T09:35:04","slug":"faire-sa-licence","status":"publish","type":"page","link":"https:\/\/closwahagnies-handball.fr\/?page_id=69","title":{"rendered":"Faire sa licence"},"content":{"rendered":"\n<div class=\"wp-block-group is-vertical is-content-justification-center is-layout-flex wp-container-core-group-is-layout-4b2eccd6 wp-block-group-is-layout-flex\">\n<p class=\"has-text-align-center has-large-font-size\"><strong>Renouvellement de licence<\/strong><\/p>\n\n\n\n<p class=\"has-text-align-center\"><mark style=\"background-color:rgba(0, 0, 0, 0)\" class=\"has-inline-color has-medium-pink-color\">uniquement par internet<\/mark><\/p>\n<\/div>\n\n\n\n<p>Vous allez recevoir un mail avec un lien pour renouveler votre licence.<\/p>\n\n\n\n<p>Si vous n\u2019avez rien re\u00e7u, merci de nous le signaler, et de nous communiquer votre nouvelle adresse mail&nbsp;via le <a href=\"https:\/\/closwahagnies-handball.fr\/?page_id=163\" data-type=\"page\" data-id=\"163\">formulaire de contact<\/a> ou par mail \u00e0 <a href=\"mailto:contact@closwahagnies-handball.fr\">contact@closwahagnies-handball.fr<\/a>.<\/p>\n\n\n\n<p class=\"has-text-align-center\"><mark style=\"background-color:rgba(0, 0, 0, 0)\" class=\"has-inline-color has-medium-pink-color\">V\u00e9rifier dans vos spams.<\/mark><\/p>\n\n\n\n<p>Apr\u00e8s avoir cliqu\u00e9 sur ce lien, vous serez redirig\u00e9s vers une page internet o\u00f9 vous allez devoir v\u00e9rifier et corriger si besoin vos informations personnelles.<\/p>\n\n\n\n<p>Vous pourrez \u00e9galement modifier votre photo d\u2019identit\u00e9 et la copie de votre carte d\u2019identit\u00e9.<\/p>\n\n\n\n<div class=\"wp-block-group is-vertical is-content-justification-center is-layout-flex wp-container-core-group-is-layout-4b2eccd6 wp-block-group-is-layout-flex\">\n<p class=\"has-text-align-center has-large-font-size\"><strong>Nouveau licenci\u00e9<\/strong><\/p>\n\n\n\n<p class=\"has-text-align-center\"><mark style=\"background-color:rgba(0, 0, 0, 0)\" class=\"has-inline-color has-medium-pink-color\">uniquement par internet<\/mark><\/p>\n<\/div>\n\n\n\n<p><\/p>\n\n\n\n<p>Veuillez remplir le formulaire d&rsquo;inscription en cliquant <a href=\"https:\/\/www.closwahagnies-handball.fr\/?page_id=146\" data-type=\"page\" data-id=\"146\" target=\"_blank\" rel=\"noreferrer noopener\"><strong>ici<\/strong><\/a>.<\/p>\n\n\n\n<p>Quelques jours plus tard vous recevrez un mail avec un lien. Apr\u00e8s avoir cliqu\u00e9 sur ce lien, vous serez redirig\u00e9s vers une page internet o\u00f9 vous allez devoir remplir vos informations personnelles&nbsp;(attention cela peut arriver dans vos SPAMS).<\/p>\n\n\n\n<div class=\"wp-block-group is-vertical is-content-justification-center is-layout-flex wp-container-core-group-is-layout-4b2eccd6 wp-block-group-is-layout-flex\">\n<p class=\"has-text-align-center has-large-font-size\"><strong>Pour tous<\/strong><\/p>\n\n\n\n<p>Signature de la charte (dans le processus de cr\u00e9ation de licence)<\/p>\n\n\n\n<p><a href=\"https:\/\/www.closwahagnies-handball.fr\/wp-content\/uploads\/2025\/10\/Reglement_Int.pdf\" target=\"_blank\" rel=\"noreferrer noopener\">R\u00e8glement int\u00e9rieur<\/a><\/p>\n\n\n\n<p><a href=\"https:\/\/www.closwahagnies-handball.fr\/wp-content\/uploads\/2025\/10\/Charte_licencie.pdf\" target=\"_blank\" rel=\"noreferrer noopener\">Charte du licenci\u00e9<\/a><\/p>\n\n\n\n<p><\/p>\n<\/div>\n\n\n\n<p class=\"has-text-align-center\"><strong>Tarifs<\/strong><\/p>\n\n\n\n<div class=\"wp-block-group is-vertical is-layout-flex wp-container-core-group-is-layout-8cf370e7 wp-block-group-is-layout-flex\">\n<p>S\u00e9niors Masculins (2007 et avant) : 170\u20ac &nbsp;&nbsp;&nbsp;<\/p>\n\n\n\n<p>S\u00e9niors F\u00e9minins (2007 et avant) : 170\u20ac&nbsp;&nbsp;&nbsp;&nbsp;&nbsp;&nbsp;&nbsp;&nbsp;&nbsp;&nbsp;&nbsp;&nbsp;&nbsp;&nbsp;&nbsp;&nbsp;&nbsp;&nbsp;&nbsp;&nbsp;&nbsp;&nbsp;&nbsp;&nbsp;&nbsp;&nbsp;&nbsp;&nbsp;&nbsp;&nbsp;&nbsp;&nbsp;&nbsp;&nbsp;&nbsp;&nbsp;&nbsp;&nbsp;&nbsp;&nbsp;<\/p>\n\n\n\n<p>Moins de 18ans (2008, 2009,2010) : 145\u20ac &nbsp;&nbsp;&nbsp;&nbsp;&nbsp;&nbsp;&nbsp;&nbsp;&nbsp;&nbsp;&nbsp;&nbsp;&nbsp;&nbsp;&nbsp;&nbsp;&nbsp;&nbsp;&nbsp;&nbsp;&nbsp;&nbsp;&nbsp;&nbsp;&nbsp;&nbsp;&nbsp;&nbsp;&nbsp;&nbsp;&nbsp;&nbsp;&nbsp;&nbsp;&nbsp;&nbsp;&nbsp;<\/p>\n\n\n\n<p>Moins de 15ans (2011, 2012) : 125\u20ac &nbsp;&nbsp;&nbsp;&nbsp;&nbsp;&nbsp;&nbsp;&nbsp;&nbsp;&nbsp;&nbsp;&nbsp;&nbsp;&nbsp;&nbsp;&nbsp;&nbsp;&nbsp;&nbsp;&nbsp;&nbsp;&nbsp;&nbsp;&nbsp;&nbsp;&nbsp;&nbsp;&nbsp;&nbsp;&nbsp;&nbsp;&nbsp;&nbsp;&nbsp;&nbsp;&nbsp;&nbsp;&nbsp;&nbsp;&nbsp;&nbsp;&nbsp;&nbsp;<\/p>\n\n\n\n<p>Moins de 13ans (2013, 2014) :125\u20ac &nbsp;&nbsp;&nbsp;&nbsp;&nbsp;&nbsp;&nbsp;&nbsp;&nbsp;&nbsp;&nbsp;&nbsp;&nbsp;&nbsp;&nbsp;&nbsp;&nbsp;&nbsp;&nbsp;&nbsp;&nbsp;&nbsp;&nbsp;<\/p>\n\n\n\n<p>Moins de 11ans (2015, 2016) : 105\u20ac &nbsp;&nbsp;&nbsp;&nbsp;&nbsp;&nbsp;&nbsp;&nbsp;&nbsp;&nbsp;&nbsp;&nbsp;&nbsp;&nbsp;&nbsp;&nbsp;&nbsp;&nbsp;&nbsp;&nbsp;&nbsp;&nbsp;&nbsp;&nbsp;&nbsp;&nbsp;&nbsp;&nbsp;&nbsp;&nbsp;&nbsp;&nbsp;&nbsp;&nbsp;&nbsp;&nbsp;&nbsp;&nbsp;&nbsp;&nbsp;<\/p>\n\n\n\n<p>Mini hand (2017, 2018, 2019) : 95\u20ac<\/p>\n\n\n\n<p>Baby hand (3 \u00e0 5 ans) :85\u20ac&nbsp;&nbsp;&nbsp;&nbsp;&nbsp;&nbsp;&nbsp;&nbsp;&nbsp;&nbsp;&nbsp;&nbsp;&nbsp;&nbsp;&nbsp;&nbsp;&nbsp;&nbsp;&nbsp;&nbsp;&nbsp;&nbsp;&nbsp;&nbsp;&nbsp;&nbsp;&nbsp;&nbsp;<\/p>\n\n\n\n<p>Hand loisirs : 125\u20ac<\/p>\n\n\n\n<p>Dirigeants : Voir bureau<\/p>\n\n\n\n<p>Entraineurs : Exon\u00e9r\u00e9s<\/p>\n\n\n\n<p>Arbitres (officiant \u00e0 l&rsquo;ext\u00e9rieur) : Exon\u00e9r\u00e9s<\/p>\n<\/div>\n\n\n\n<p>Mutation* : Plus de 16 ans : 250\u20ac, 12\/16 ans : 125\u20ac<\/p>\n\n\n\n<p><strong>* Sous conditions et apr\u00e8s accord avec les dirigeants<\/strong><\/p>\n\n\n\n<p><\/p>\n\n\n\n<p><strong>Diff\u00e9rents moyens de paiement possible&nbsp;:<\/strong><\/p>\n\n\n\n<div class=\"wp-block-group is-vertical is-layout-flex wp-container-core-group-is-layout-8cf370e7 wp-block-group-is-layout-flex\">\n<p>&#8211; &nbsp;En une fois par virement :<\/p>\n\n\n\n<p>Titulaire du compte : CLUB LAIC OMNI SPORT DE WAHAGNIES<\/p>\n\n\n\n<p>IBAN :FR76 1027 8027 3800 0811 5774 007<\/p>\n\n\n\n<p>BIC :CMCIFR2A<\/p>\n<\/div>\n\n\n\n<p><strong>&gt; \u00e0 privil\u00e9gier pour une qualification de licence plus rapide<\/strong><\/p>\n\n\n\n<p>&#8211; &nbsp;En une fois par ch\u00e8que \u00e0 remettre en main propre au Tr\u00e9sorier, Rudy, ou entraineur qui se chargera de transmettre (\u00ab&nbsp;licence de Nom Pr\u00e9nom cat\u00e9gorie&nbsp;\u00bb \u00e0 pr\u00e9ciser au dos du ch\u00e8que), durant la p\u00e9riode des vacances chez Rudy Vanhaecke, 1 rue de la Haute Voie, 62820 Libercourt<\/p>\n\n\n\n<p>&#8211; &nbsp;En 3 fois par ch\u00e8que \u00e0 remettre en main propre au Tr\u00e9sorier, Rudy, ou entraineur qui se chargera de transmettre (licence de Nom Pr\u00e9nom cat\u00e9gorie&nbsp;\u00bb \u00e0 pr\u00e9ciser au dos du ch\u00e8que) durant la p\u00e9riode des vacances chez Rudy Vanhaecke, 1 rue de la Haute Voie, 62820 Libercourt<\/p>\n\n\n\n<p>Tarif d\u00e9gressif \u00e0 partir de 3 licenci\u00e9s par famille (-30% sur la licence la moins \u00e9lev\u00e9e)<\/p>\n\n\n\n<div class=\"wp-block-group is-vertical is-content-justification-center is-layout-flex wp-container-core-group-is-layout-4b2eccd6 wp-block-group-is-layout-flex\">\n<p class=\"has-text-align-center\"><mark style=\"background-color:rgba(0, 0, 0, 0)\" class=\"has-inline-color has-medium-pink-color\"><strong>TOUTE LICENCE INCOMPL\u00c8TE ET NON PAY\u00c9E NE SERA PAS QUALIFI\u00c9E&nbsp;!<\/strong><\/mark><\/p>\n\n\n\n<p class=\"has-text-align-center\">Compter un d\u00e9lai d\u2019une semaine pour la validation de la licence<\/p>\n<\/div>\n\n\n\n<div class=\"wp-block-group is-vertical is-content-justification-center is-layout-flex wp-container-core-group-is-layout-4b2eccd6 wp-block-group-is-layout-flex\">\n<div class=\"wp-block-group is-vertical is-content-justification-center is-layout-flex wp-container-core-group-is-layout-4b2eccd6 wp-block-group-is-layout-flex\">\n<p>Pour toutes attestations de licence, ou tous renseignements,<\/p>\n\n\n\n<p>merci de nous contacter via le <a href=\"https:\/\/closwahagnies-handball.fr\/?page_id=163\" data-type=\"page\" data-id=\"163\">formulaire de contact<\/a> ou par mail \u00e0 <a href=\"mailto:contact@closwhagnies-handball.fr\">contact@closwahagnies-handball.fr<\/a>.<\/p>\n<\/div>\n<\/div>\n\n\n\n<p><\/p>\n","protected":false},"excerpt":{"rendered":"<p>Renouvellement de licence uniquement par internet Vous allez recevoir un mail avec un lien pour renouveler votre licence. Si vous n\u2019avez rien re\u00e7u, merci de nous le signaler, et de nous communiquer votre nouvelle adresse mail&nbsp;via le formulaire de contact ou par mail \u00e0 contact@closwahagnies-handball.fr. V\u00e9rifier dans vos spams. Apr\u00e8s avoir cliqu\u00e9 sur ce lien, &hellip; <a href=\"https:\/\/closwahagnies-handball.fr\/?page_id=69\" class=\"more-link\">Continuer la lecture de <span class=\"screen-reader-text\">Faire sa licence<\/span><\/a><\/p>\n","protected":false},"author":1,"featured_media":0,"parent":0,"menu_order":0,"comment_status":"closed","ping_status":"closed","template":"","meta":{"_lmt_disableupdate":"","_lmt_disable":"","footnotes":""},"class_list":["post-69","page","type-page","status-publish","hentry"],"jetpack_sharing_enabled":true,"_links":{"self":[{"href":"https:\/\/closwahagnies-handball.fr\/index.php?rest_route=\/wp\/v2\/pages\/69","targetHints":{"allow":["GET"]}}],"collection":[{"href":"https:\/\/closwahagnies-handball.fr\/index.php?rest_route=\/wp\/v2\/pages"}],"about":[{"href":"https:\/\/closwahagnies-handball.fr\/index.php?rest_route=\/wp\/v2\/types\/page"}],"author":[{"embeddable":true,"href":"https:\/\/closwahagnies-handball.fr\/index.php?rest_route=\/wp\/v2\/users\/1"}],"replies":[{"embeddable":true,"href":"https:\/\/closwahagnies-handball.fr\/index.php?rest_route=%2Fwp%2Fv2%2Fcomments&post=69"}],"version-history":[{"count":27,"href":"https:\/\/closwahagnies-handball.fr\/index.php?rest_route=\/wp\/v2\/pages\/69\/revisions"}],"predecessor-version":[{"id":629,"href":"https:\/\/closwahagnies-handball.fr\/index.php?rest_route=\/wp\/v2\/pages\/69\/revisions\/629"}],"wp:attachment":[{"href":"https:\/\/closwahagnies-handball.fr\/index.php?rest_route=%2Fwp%2Fv2%2Fmedia&parent=69"}],"curies":[{"name":"wp","href":"https:\/\/api.w.org\/{rel}","templated":true}]}}